{"id":28958,"date":"2025-08-29T23:38:38","date_gmt":"2025-08-29T21:38:38","guid":{"rendered":"https:\/\/plaisirs-alsace.com\/boutique\/uncategorized\/hazelnut-vine-leaf\/"},"modified":"2026-02-16T14:36:34","modified_gmt":"2026-02-16T13:36:34","slug":"hazelnut-vine-leaf","status":"publish","type":"product","link":"https:\/\/plaisirs-alsace.com\/en\/boutique\/all-linens-including-cotton-tea-towels\/beauville-en\/nappes-beauville-en\/hazelnut-vine-leaf\/","title":{"rendered":"Hazelnut Vine Leaf"},"content":{"rendered":"<p>The Vine Leaves Tablecloth: A Renowned Alsatian Landscape<\/p>\n<p>The Vine Leaves tablecloth pays homage to the Alsatian landscape, famous for its rich vineyards. This lovely tablecloth, with its warm colors, brings an autumnal ambiance to your interior d\u00e9cor.<\/p>\n<p>Also available made-to-measure: click here to learn more!<\/p>\n<p>This product is 100% made in France.<\/p>\n","protected":false},"excerpt":{"rendered":"<div class=\"rte\">\n<p>The organic cotton satin backing offers natural elegance and a commitment to the environment.<\/p>\n<p>&nbsp;<\/p>\n<p>La texture soyeuse et lumineuse apporte une douceur au toucher tout en mettant en valeur la beaut\u00e9 et l\u2019intensit\u00e9 des couleurs. Sa teinte naturelle et douce ajoute une touche d\u2019harmonie et de raffinement \u00e0 votre d\u00e9coration.<\/p>\n<p>&nbsp;<\/p>\n<p>Les produits Beauvill\u00e9 sont confectionn\u00e9s et fabriqu\u00e9s en France.<\/p>\n<p>&nbsp;<\/p>\n<p>Beauvill\u00e9 tient \u00e0 vous proposer des \u00e9toffes d\u2019une qualit\u00e9 irr\u00e9prochable. Les motifs sont enti\u00e8rement pens\u00e9s par nos artistes et con\u00e7ues dans les ateliers de Ribeauvill\u00e9. Les artisans utilisent une m\u00e9thode d\u2019impression traditionnelle afin de vous garantir une nappe aux d\u00e9tails pr\u00e9cis et aux couleurs \u00e9clatantes.<\/p>\n<\/div>\n<div class=\"rte\">\n<h4><strong>Composition :<\/strong><\/h4>\n<p>100% coton<\/p>\n<h4><strong>Consignes d&#8217;entretien :\u00a0<\/strong><\/h4>\n<h2><strong><img loading=\"lazy\" decoding=\"async\" src=\"https:\/\/www.beauville.com\/shop\/img\/cms\/entretien-1.png\" width=\"192\" height=\"30\" \/><\/strong><\/h2>\n<\/div>\n<div class=\"rte\">\n<h4><strong>Conseils pratiques :<\/strong><\/h4>\n<p>Avant toute premi\u00e8re utilisation laissez tremper votre linge dans l\u2019eau froide 12 \u00e0 24 heures en renouvelant l\u2019eau, puis lavez s\u00e9par\u00e9ment \u00e0 40\u00b0C avec la moiti\u00e9 de la dose habituelle de lessive. Par la suite, lavez les articles de couleurs fonc\u00e9es toujours s\u00e9par\u00e9ment. Pour pr\u00e9server l\u2019\u00e9toffe n\u2019introduisez jamais dans votre machine \u00e0 laver les articles pli\u00e9s. Le d\u00e9tachage local avec frottement est interdit. En cas de taches persistantes, si l\u2019\u00e9tiquette d\u2019entretien l\u2019autorise, pr\u00e9-d\u00e9tachez \u00e0 froid avec de l\u2019eau de javel dilu\u00e9e et relavez.<\/p>\n<\/div>\n<p><strong>\u00a0<\/strong><\/p>\n","protected":false},"featured_media":23815,"template":"","meta":[],"product_brand":[],"product_cat":[145],"product_tag":[],"class_list":{"0":"post-28958","1":"product","2":"type-product","3":"status-publish","4":"has-post-thumbnail","6":"product_cat-nappes-beauville-en","8":"first","9":"instock","10":"taxable","11":"shipping-taxable","12":"purchasable","13":"product-type-variable"},"acf":[],"jetpack_sharing_enabled":true,"_links":{"self":[{"href":"https:\/\/plaisirs-alsace.com\/en\/wp-json\/wp\/v2\/product\/28958","targetHints":{"allow":["GET"]}}],"collection":[{"href":"https:\/\/plaisirs-alsace.com\/en\/wp-json\/wp\/v2\/product"}],"about":[{"href":"https:\/\/plaisirs-alsace.com\/en\/wp-json\/wp\/v2\/types\/product"}],"wp:featuredmedia":[{"embeddable":true,"href":"https:\/\/plaisirs-alsace.com\/en\/wp-json\/wp\/v2\/media\/23815"}],"wp:attachment":[{"href":"https:\/\/plaisirs-alsace.com\/en\/wp-json\/wp\/v2\/media?parent=28958"}],"wp:term":[{"taxonomy":"product_brand","embeddable":true,"href":"https:\/\/plaisirs-alsace.com\/en\/wp-json\/wp\/v2\/product_brand?post=28958"},{"taxonomy":"product_cat","embeddable":true,"href":"https:\/\/plaisirs-alsace.com\/en\/wp-json\/wp\/v2\/product_cat?post=28958"},{"taxonomy":"product_tag","embeddable":true,"href":"https:\/\/plaisirs-alsace.com\/en\/wp-json\/wp\/v2\/product_tag?post=28958"}],"curies":[{"name":"wp","href":"https:\/\/api.w.org\/{rel}","templated":true}]}}